{"id":51,"date":"2020-01-10T15:11:45","date_gmt":"2020-01-10T15:11:45","guid":{"rendered":"https:\/\/testytrunkow.000webhostapp.com\/?page_id=51"},"modified":"2020-02-09T18:16:07","modified_gmt":"2020-02-09T17:16:07","slug":"piwo","status":"publish","type":"page","link":"https:\/\/motocykleiwino.org\/index.php\/piwo\/","title":{"rendered":"Piwo"},"content":{"rendered":"\n<h2>Mimo, \u017ce tytu\u0142 bloga jasno stawia wino na pierwszym miejscu, to jednak inne rodzaje alkoholi nie s\u0105 mi obce. W tym dziale b\u0119d\u0105 umieszczone materia\u0142y zwi\u0105zane z (wed\u0142ug mnie) r\u00f3wnie szlachetnym trunkiem, jakim jest piwo. <\/h2>\n\n\n<ul class=\"wp-block-latest-posts__list is-grid columns-3 has-dates wp-block-latest-posts\"><li><a href=\"https:\/\/motocykleiwino.org\/index.php\/2020\/03\/09\/z-szuflady-otwarcie-sezonu\/\">Z Szuflady: Otwarcie sezonu<\/a><time datetime=\"2020-03-09T17:10:54+01:00\" class=\"wp-block-latest-posts__post-date\">09\/03\/2020<\/time><div class=\"wp-block-latest-posts__post-excerpt\">Tym razem w ramach serii Z Szuflady propozycja z browaru Trzech Kumpli &#8211; Saison o nazwie Otwarcie Sezonu. Ocena powsta\u0142a w styczniu 2016 roku. Mam cich\u0105 nadziej\u0119, \u017ce nazwa tego piwa b\u0119dzie prorocza w kontek\u015bcie<\/div><\/li>\n<li><a href=\"https:\/\/motocykleiwino.org\/index.php\/2020\/03\/01\/z-szuflady-be-like-mitch\/\">Z Szuflady: Be Like Mitch<\/a><time datetime=\"2020-03-01T20:34:33+01:00\" class=\"wp-block-latest-posts__post-date\">01\/03\/2020<\/time><div class=\"wp-block-latest-posts__post-excerpt\">Tym razem w ramach serii Z Szuflady powr\u00f3t do oceny z grudnia 2015 roku. Jej przedmiotem jest piwo Be Like Mitch z browaru Ale Browar. Zobaczmy, jak smakowa\u0142 ten American Wheat&#8230; Oceniane piwo nosi nazw\u0119<\/div><\/li>\n<li><a href=\"https:\/\/motocykleiwino.org\/index.php\/2020\/02\/23\/z-szuflady-pomaranczarnie-krola\/\">Z Szuflady: Pomara\u0144czarnie Kr\u00f3la<\/a><time datetime=\"2020-02-23T19:58:26+01:00\" class=\"wp-block-latest-posts__post-date\">23\/02\/2020<\/time><div class=\"wp-block-latest-posts__post-excerpt\">Tym razem szybki wpis z serii Z Szuflady. Oto do\u015b\u0107 kr\u00f3tka, ale s\u0105dz\u0119, \u017ce tre\u015bciwa ocena piwa o nazwie Pomara\u0144czarnie Kr\u00f3la z browaru Jan Olbracht. Zapraszam do lektury&#8230; Ocena pochodz\u0105ca z marca 2015 roku. Musz\u0119<\/div><\/li>\n<li><a href=\"https:\/\/motocykleiwino.org\/index.php\/2020\/02\/20\/z-szuflady-corka-mlynarza\/\">Z szuflady: C\u00f3rka M\u0142ynarza<\/a><time datetime=\"2020-02-20T20:21:41+01:00\" class=\"wp-block-latest-posts__post-date\">20\/02\/2020<\/time><div class=\"wp-block-latest-posts__post-excerpt\">C\u00f3rka M\u0142ynarza &#8211; American Wheat z browaru Piwowarownia. Piwo, kt\u00f3re zam\u00f3wi\u0142em jako pierwsze podczas degustacji w restauracji Po Byku, na kilkana\u015bcie minut przed rozpocz\u0119ciem wydarzenia. Mia\u0142a to by\u0107 szybka ocena, kr\u00f3tki wpis na bloga. Okaza\u0142o<\/div><\/li>\n<li><a href=\"https:\/\/motocykleiwino.org\/index.php\/2020\/02\/16\/degustacja-piw-piwowarowni-w-restauracji-po-byku\/\">Degustacja piw Piwowarowni w restauracji Po Byku<\/a><time datetime=\"2020-02-16T15:38:57+01:00\" class=\"wp-block-latest-posts__post-date\">16\/02\/2020<\/time><div class=\"wp-block-latest-posts__post-excerpt\">8 lutego 2020. Powoli, ale wielkimi krokami zbli\u017caj\u0105ce si\u0119 popo\u0142udnie. Plany na nadchodz\u0105cy wiecz\u00f3r mia\u0142em ju\u017c ustalone &#8211; spotkanie degustacyjne z w\u0142a\u015bcicielem browaru Piwowarownia organizowane w restauracji Po Byku.&nbsp; Na miejsce dotar\u0142em prawie dwadzie\u015bcia minut<\/div><\/li>\n<li><a href=\"https:\/\/motocykleiwino.org\/index.php\/2020\/02\/09\/z-szuflady-panakeja\/\">Z szuflady: Panakeja<\/a><time datetime=\"2020-02-09T18:13:10+01:00\" class=\"wp-block-latest-posts__post-date\">09\/02\/2020<\/time><div class=\"wp-block-latest-posts__post-excerpt\">Drugi wpis z cyklu &#8220;Z szuflady&#8221;. Dzisiaj wracam do piwa Panakeja z browaru Olimp &#8211; piwo w stylu Earl Grey American IPA. Wpis powsta\u0142 27 pa\u017adziernika 2016 roku. Zobaczmy, jak mi to piwo wtedy smakowa\u0142o&#8230;<\/div><\/li>\n<li><a href=\"https:\/\/motocykleiwino.org\/index.php\/2020\/02\/02\/z-szuflady-smuttynose-imperial-stout\/\">Z szuflady: Smuttynose Imperial Stout<\/a><time datetime=\"2020-02-02T18:50:28+01:00\" class=\"wp-block-latest-posts__post-date\">02\/02\/2020<\/time><div class=\"wp-block-latest-posts__post-excerpt\">Oto pierwszy wpis z cyklu &#8220;Z szuflady&#8221;. Chwil\u0119 mi zaj\u0119\u0142o wybranie pierwszej spo\u015br\u00f3d kilkuset ocen. Oto wpis z 27 sierpnia 2014 &#8211; Smuttynose Imperial Stout. Niniejszym wpisem rozpoczynam cykl &#8220;Z szuflady&#8221;. Jako, \u017ce jest to<\/div><\/li>\n<\/ul>\n\n\n<p><\/p>\n","protected":false},"excerpt":{"rendered":"<p>Mimo, \u017ce tytu\u0142 bloga jasno stawia wino na pierwszym miejscu, to jednak inne rodzaje alkoholi nie s\u0105 mi obce. W tym dziale b\u0119d\u0105 umieszczone materia\u0142y zwi\u0105zane z (wed\u0142ug mnie) r\u00f3wnie szlachetnym trunkiem, jakim jest piwo.<\/p>\n","protected":false},"author":1,"featured_media":0,"parent":0,"menu_order":0,"comment_status":"closed","ping_status":"closed","template":"","meta":{"_monsterinsights_skip_tracking":false,"_monsterinsights_sitenote_active":false,"_monsterinsights_sitenote_note":"","_monsterinsights_sitenote_category":0,"spay_email":""},"jetpack_likes_enabled":false,"jetpack_sharing_enabled":true,"_links":{"self":[{"href":"https:\/\/motocykleiwino.org\/index.php\/wp-json\/wp\/v2\/pages\/51"}],"collection":[{"href":"https:\/\/motocykleiwino.org\/index.php\/wp-json\/wp\/v2\/pages"}],"about":[{"href":"https:\/\/motocykleiwino.org\/index.php\/wp-json\/wp\/v2\/types\/page"}],"author":[{"embeddable":true,"href":"https:\/\/motocykleiwino.org\/index.php\/wp-json\/wp\/v2\/users\/1"}],"replies":[{"embeddable":true,"href":"https:\/\/motocykleiwino.org\/index.php\/wp-json\/wp\/v2\/comments?post=51"}],"version-history":[{"count":4,"href":"https:\/\/motocykleiwino.org\/index.php\/wp-json\/wp\/v2\/pages\/51\/revisions"}],"predecessor-version":[{"id":448,"href":"https:\/\/motocykleiwino.org\/index.php\/wp-json\/wp\/v2\/pages\/51\/revisions\/448"}],"wp:attachment":[{"href":"https:\/\/motocykleiwino.org\/index.php\/wp-json\/wp\/v2\/media?parent=51"}],"curies":[{"name":"wp","href":"https:\/\/api.w.org\/{rel}","templated":true}]}}