{"id":16,"date":"2020-01-10T14:55:30","date_gmt":"2020-01-10T14:55:30","guid":{"rendered":"https:\/\/testytrunkow.000webhostapp.com\/?page_id=16"},"modified":"2020-05-24T21:07:22","modified_gmt":"2020-05-24T19:07:22","slug":"motocykl","status":"publish","type":"page","link":"https:\/\/motocykleiwino.org\/index.php\/motocykl\/","title":{"rendered":"Motocykl"},"content":{"rendered":"\n<h2>Motocykl w roli g\u0142\u00f3wnej. Wszystko, co zwi\u0105zane z jazd\u0105, ubiorem, wra\u017ceniami i opiniami dotycz\u0105cymi motocyklowych dw\u00f3ch k\u00f3\u0142ek b\u0119d\u0105 publikowane w tym dziale.<\/h2>\n\n\n\n<p><\/p>\n\n\n<ul class=\"wp-block-latest-posts__list is-grid columns-3 wp-block-latest-posts\"><li><a href=\"https:\/\/motocykleiwino.org\/index.php\/2020\/05\/24\/wypad-na-quady-do-czernej\/\">Wypad na quady do Czernej<\/a><div class=\"wp-block-latest-posts__post-excerpt\">Pozwol\u0119 sobie zacz\u0105\u0107 pytaniem: kiedy ostatni raz kto\u015b zaskoczy\u0142 Ci\u0119 prezentem? W moim przypadku by\u0142y to \u015awi\u0119ta Bo\u017cego Narodzenia, gdy od mojej dziewczyny dosta\u0142em voucher na godzinn\u0105 jazd\u0119 quadem. Wielu rzeczy bym si\u0119 po niej<\/div><\/li>\n<\/ul>\n\n\n<p><\/p>\n","protected":false},"excerpt":{"rendered":"<p>Motocykl w roli g\u0142\u00f3wnej. Wszystko, co zwi\u0105zane z jazd\u0105, ubiorem, wra\u017ceniami i opiniami dotycz\u0105cymi motocyklowych dw\u00f3ch k\u00f3\u0142ek b\u0119d\u0105 publikowane w tym dziale.<\/p>\n","protected":false},"author":1,"featured_media":245,"parent":0,"menu_order":0,"comment_status":"closed","ping_status":"closed","template":"","meta":{"_monsterinsights_skip_tracking":false,"_monsterinsights_sitenote_active":false,"_monsterinsights_sitenote_note":"","_monsterinsights_sitenote_category":0,"spay_email":""},"jetpack_likes_enabled":false,"jetpack_sharing_enabled":true,"_links":{"self":[{"href":"https:\/\/motocykleiwino.org\/index.php\/wp-json\/wp\/v2\/pages\/16"}],"collection":[{"href":"https:\/\/motocykleiwino.org\/index.php\/wp-json\/wp\/v2\/pages"}],"about":[{"href":"https:\/\/motocykleiwino.org\/index.php\/wp-json\/wp\/v2\/types\/page"}],"author":[{"embeddable":true,"href":"https:\/\/motocykleiwino.org\/index.php\/wp-json\/wp\/v2\/users\/1"}],"replies":[{"embeddable":true,"href":"https:\/\/motocykleiwino.org\/index.php\/wp-json\/wp\/v2\/comments?post=16"}],"version-history":[{"count":5,"href":"https:\/\/motocykleiwino.org\/index.php\/wp-json\/wp\/v2\/pages\/16\/revisions"}],"predecessor-version":[{"id":655,"href":"https:\/\/motocykleiwino.org\/index.php\/wp-json\/wp\/v2\/pages\/16\/revisions\/655"}],"wp:featuredmedia":[{"embeddable":true,"href":"https:\/\/motocykleiwino.org\/index.php\/wp-json\/wp\/v2\/media\/245"}],"wp:attachment":[{"href":"https:\/\/motocykleiwino.org\/index.php\/wp-json\/wp\/v2\/media?parent=16"}],"curies":[{"name":"wp","href":"https:\/\/api.w.org\/{rel}","templated":true}]}}