{"id":15,"date":"2020-01-10T14:55:30","date_gmt":"2020-01-10T14:55:30","guid":{"rendered":"https:\/\/testytrunkow.000webhostapp.com\/?page_id=15"},"modified":"2020-02-09T14:31:32","modified_gmt":"2020-02-09T13:31:32","slug":"wino","status":"publish","type":"page","link":"https:\/\/motocykleiwino.org\/index.php\/wino\/","title":{"rendered":"Wino"},"content":{"rendered":"\n<h2> Tematy winem p\u0142yn\u0105ce\u2026 Od opis\u00f3w winnic i szczep\u00f3w winogron po fiszki degustacyjne. W tym dziale b\u0119d\u0105 publikowane wszelkie materia\u0142y zwi\u0105zane z winem, jego histori\u0105, charakterystyk\u0105 oraz pochodzeniem. <\/h2>\n\n\n<ul class=\"wp-block-latest-posts__list is-grid columns-3 has-dates wp-block-latest-posts\"><li><a href=\"https:\/\/motocykleiwino.org\/index.php\/2021\/01\/02\/czy-drogie-wina-sa-warte-swoich-cen-cz-1\/\">Czy drogie wina s\u0105 warte swoich cen? cz. 1<\/a><time datetime=\"2021-01-02T18:56:03+01:00\" class=\"wp-block-latest-posts__post-date\">02\/01\/2021<\/time><div class=\"wp-block-latest-posts__post-excerpt\">Czy zastanawiali\u015bcie si\u0119 kiedy\u015b przed sklepow\u0105 p\u00f3\u0142k\u0105 z winami, co decyduje o ich cenie? Co kryje si\u0119 w butelkach za kwoty trzy, czy czterocyfrowe? Przyznaj\u0119, \u017ce sam nieraz zachodzi\u0142em w g\u0142ow\u0119, czy faktycznie doznania w<\/div><\/li>\n<li><a href=\"https:\/\/motocykleiwino.org\/index.php\/2020\/03\/22\/contessa-carola-primitivo-di-manduria-2017-doc\/\">Contessa Carola Primitivo di Manduria 2017 DOC<\/a><time datetime=\"2020-03-22T18:10:53+01:00\" class=\"wp-block-latest-posts__post-date\">22\/03\/2020<\/time><div class=\"wp-block-latest-posts__post-excerpt\">Ocena wina Primitivo di Manduria 2017 z winnicy Contessa Carola, kt\u00f3re zakupi\u0142em przy okazji wizyty w jednym z okolicznych sklep\u00f3w spo\u017cywczych. Jak smakowa\u0142o &#8211; zaraz si\u0119 przekonamy&#8230; Zanim przejd\u0119 do w\u0142a\u015bciwej oceny, chcia\u0142bym przytoczy\u0107 sytuacj\u0119,<\/div><\/li>\n<li><a href=\"https:\/\/motocykleiwino.org\/index.php\/2020\/03\/07\/pinot-noir-2017-z-winnicy-pod-lipa\/\">Pinot Noir 2017 z Winnicy Pod Lip\u0105<\/a><time datetime=\"2020-03-07T16:21:30+01:00\" class=\"wp-block-latest-posts__post-date\">07\/03\/2020<\/time><div class=\"wp-block-latest-posts__post-excerpt\">Kilka s\u0142\u00f3w na temat Pinot Noir 2017 z Winnicy Pod Lip\u0105 w postaci noty degustacyjnej. Oto jak prezentuje si\u0119 jedno z czerwonych win z okolic G\u00f3rzykowa&#8230; By\u0142 bardzo ciep\u0142y, letni wiecz\u00f3r roku 2019. Powoli zapada\u0142<\/div><\/li>\n<li><a href=\"https:\/\/motocykleiwino.org\/index.php\/2020\/02\/09\/chateau-de-la-riviere-fronsac-2010\/\">Ch\u00e2teau de la Rivi\u00e8re Fronsac 2010<\/a><time datetime=\"2020-02-09T14:28:26+01:00\" class=\"wp-block-latest-posts__post-date\">09\/02\/2020<\/time><div class=\"wp-block-latest-posts__post-excerpt\">Ch\u00e2teau de la Rivi\u00e8re Fronsac 2010 &#8211; wino, kt\u00f3remu przypad\u0142o w udziale uzyska\u0107 pierwsz\u0105 ocen\u0119 publikowan\u0105 na tym blogu. Oczywi\u015bcie nie licz\u0105c serii &#8220;Z szuflady&#8221;, do kt\u00f3rej gor\u0105co zapraszam. Oto moje wra\u017cenia z degustacji tego<\/div><\/li>\n<li><a href=\"https:\/\/motocykleiwino.org\/index.php\/2020\/01\/31\/degustacja-win-z-winnicy-famille-hauller\/\">Degustacja win z winnicy Famille Hauller<\/a><time datetime=\"2020-01-31T20:39:13+01:00\" class=\"wp-block-latest-posts__post-date\">31\/01\/2020<\/time><div class=\"wp-block-latest-posts__post-excerpt\">21.01.2020 w restauracji Zak\u0142adka odby\u0142a si\u0119 degustacja alzackich win pochodz\u0105cych z winnicy Famille Hauller &#8211; La Cave du Tonnelier. Degustacj\u0119 poprowadzi\u0142 Pan Ludovic Hauller. Zanim przejd\u0119 do samej degustacji, chcia\u0142bym po\u015bwi\u0119ci\u0107 kilka s\u0142\u00f3w restauracji Zak\u0142adka.<\/div><\/li>\n<\/ul>","protected":false},"excerpt":{"rendered":"<p>Tematy winem p\u0142yn\u0105ce\u2026 Od opis\u00f3w winnic i szczep\u00f3w winogron po fiszki degustacyjne. W tym dziale b\u0119d\u0105 publikowane wszelkie materia\u0142y zwi\u0105zane z winem, jego histori\u0105, charakterystyk\u0105 oraz pochodzeniem.<\/p>\n","protected":false},"author":1,"featured_media":275,"parent":0,"menu_order":0,"comment_status":"closed","ping_status":"closed","template":"","meta":{"_monsterinsights_skip_tracking":false,"_monsterinsights_sitenote_active":false,"_monsterinsights_sitenote_note":"","_monsterinsights_sitenote_category":0,"spay_email":""},"jetpack_likes_enabled":false,"jetpack_sharing_enabled":true,"_links":{"self":[{"href":"https:\/\/motocykleiwino.org\/index.php\/wp-json\/wp\/v2\/pages\/15"}],"collection":[{"href":"https:\/\/motocykleiwino.org\/index.php\/wp-json\/wp\/v2\/pages"}],"about":[{"href":"https:\/\/motocykleiwino.org\/index.php\/wp-json\/wp\/v2\/types\/page"}],"author":[{"embeddable":true,"href":"https:\/\/motocykleiwino.org\/index.php\/wp-json\/wp\/v2\/users\/1"}],"replies":[{"embeddable":true,"href":"https:\/\/motocykleiwino.org\/index.php\/wp-json\/wp\/v2\/comments?post=15"}],"version-history":[{"count":3,"href":"https:\/\/motocykleiwino.org\/index.php\/wp-json\/wp\/v2\/pages\/15\/revisions"}],"predecessor-version":[{"id":438,"href":"https:\/\/motocykleiwino.org\/index.php\/wp-json\/wp\/v2\/pages\/15\/revisions\/438"}],"wp:featuredmedia":[{"embeddable":true,"href":"https:\/\/motocykleiwino.org\/index.php\/wp-json\/wp\/v2\/media\/275"}],"wp:attachment":[{"href":"https:\/\/motocykleiwino.org\/index.php\/wp-json\/wp\/v2\/media?parent=15"}],"curies":[{"name":"wp","href":"https:\/\/api.w.org\/{rel}","templated":true}]}}